{"id":19,"date":"2018-02-27T19:23:08","date_gmt":"2018-02-27T19:23:08","guid":{"rendered":"http:\/\/sv-witterda.de\/?page_id=19"},"modified":"2025-12-04T08:50:31","modified_gmt":"2025-12-04T08:50:31","slug":"vereinspielplan","status":"publish","type":"page","link":"https:\/\/sv-witterda.de\/","title":{"rendered":"Vereinsspielplan"},"content":{"rendered":"\n<p class=\"has-medium-font-size\"><strong>Aktuelles:<\/strong><\/p>\n\n\n\n<p><strong>Outdoor-Sportger\u00e4te in Witterda<\/strong><\/p>\n\n\n\n<p>Gleich drei neue Outdoor-Sportger\u00e4te stehen ab sofort in der Witterdaer Flur jedermann zur Verf\u00fcgung. Nahe der Spazier- und Wanderwege k\u00f6nnen jetzt Fitness\u00fcbungen absolviert werden. Damit erweitert der SV Witterda e.V sein Portfolio f\u00fcr alle Bewegungsfreudigen. F\u00f6rdermittel haben geholfen, diese Investition zu stemmen.<\/p>\n\n\n\n<p>Durch die Sportger\u00e4te k\u00f6nnen unter Ber\u00fccksichtigung der Sicherheits- und Nutzungshinweise, kreislaufstabilisierende und muskulaturst\u00e4rkende Effekte erzielt werden. Gesundheitseffekte versprechen au\u00dferdem frische Luft und Weitblick, die man w\u00e4hrend des Trainings genie\u00dfen kann.&nbsp;<\/p>\n\n\n\n<p>Die Initiatoren um den SV Witterda w\u00fcnschen, dass die Ger\u00e4te ordnungsgem\u00e4\u00df genutzt und pfleglich behandelt werden. Auff\u00e4lligkeiten und Verst\u00f6\u00dfe sollten zeitnah gemeldet werden.<\/p>\n\n\n\n<p>Autor: B. K\u00f6hler, Fotos: U. S\u00f6ldner<\/p>\n\n\n\n<p><a href=\"https:\/\/www.elch-report.de\/index.php\/aktuelles\/331-outdoor-sportgeraete-in-witterda\">https:\/\/www.elch-report.de\/index.php\/aktuelles\/331-outdoor-sportgeraete-in-witterda<\/a><\/p>\n\n\n\n<div class=\"wp-block-columns is-layout-flex wp-container-core-columns-is-layout-9d6595d7 wp-block-columns-is-layout-flex\">\n<div class=\"wp-block-column is-layout-flow wp-block-column-is-layout-flow\" style=\"flex-basis:100%\">\n<figure class=\"wp-block-gallery has-nested-images columns-default is-cropped wp-block-gallery-1 is-layout-flex wp-block-gallery-is-layout-flex\">\n<figure class=\"wp-block-image size-large\"><img loading=\"lazy\" decoding=\"async\" width=\"1024\" height=\"768\" data-id=\"454\" src=\"https:\/\/sv-witterda.de\/wp-content\/uploads\/2024\/11\/20240314_174101-1-1024x768.jpeg\" alt=\"\" class=\"wp-image-454\" srcset=\"https:\/\/sv-witterda.de\/wp-content\/uploads\/2024\/11\/20240314_174101-1-1024x768.jpeg 1024w, https:\/\/sv-witterda.de\/wp-content\/uploads\/2024\/11\/20240314_174101-1-300x225.jpeg 300w, https:\/\/sv-witterda.de\/wp-content\/uploads\/2024\/11\/20240314_174101-1-768x576.jpeg 768w, https:\/\/sv-witterda.de\/wp-content\/uploads\/2024\/11\/20240314_174101-1-rotated.jpeg 1280w\" sizes=\"auto, (max-width: 767px) 89vw, (max-width: 1000px) 54vw, (max-width: 1071px) 543px, 580px\" \/><\/figure>\n\n\n\n<figure class=\"wp-block-image size-large\"><img loading=\"lazy\" decoding=\"async\" width=\"1024\" height=\"768\" data-id=\"453\" src=\"https:\/\/sv-witterda.de\/wp-content\/uploads\/2024\/11\/20240322_164342-1024x768.jpeg\" alt=\"\" class=\"wp-image-453\" srcset=\"https:\/\/sv-witterda.de\/wp-content\/uploads\/2024\/11\/20240322_164342-1024x768.jpeg 1024w, https:\/\/sv-witterda.de\/wp-content\/uploads\/2024\/11\/20240322_164342-300x225.jpeg 300w, https:\/\/sv-witterda.de\/wp-content\/uploads\/2024\/11\/20240322_164342-768x576.jpeg 768w, https:\/\/sv-witterda.de\/wp-content\/uploads\/2024\/11\/20240322_164342-rotated.jpeg 1280w\" sizes=\"auto, (max-width: 767px) 89vw, (max-width: 1000px) 54vw, (max-width: 1071px) 543px, 580px\" \/><\/figure>\n\n\n\n<figure class=\"wp-block-image size-large\"><img loading=\"lazy\" decoding=\"async\" width=\"1024\" height=\"768\" data-id=\"451\" src=\"https:\/\/sv-witterda.de\/wp-content\/uploads\/2024\/11\/20240322_164909-1024x768.jpeg\" alt=\"\" class=\"wp-image-451\" srcset=\"https:\/\/sv-witterda.de\/wp-content\/uploads\/2024\/11\/20240322_164909-1024x768.jpeg 1024w, https:\/\/sv-witterda.de\/wp-content\/uploads\/2024\/11\/20240322_164909-300x225.jpeg 300w, https:\/\/sv-witterda.de\/wp-content\/uploads\/2024\/11\/20240322_164909-768x576.jpeg 768w, https:\/\/sv-witterda.de\/wp-content\/uploads\/2024\/11\/20240322_164909-rotated.jpeg 1280w\" sizes=\"auto, (max-width: 767px) 89vw, (max-width: 1000px) 54vw, (max-width: 1071px) 543px, 580px\" \/><\/figure>\n\n\n\n<figure class=\"wp-block-image size-large\"><img loading=\"lazy\" decoding=\"async\" width=\"768\" height=\"1024\" data-id=\"456\" src=\"https:\/\/sv-witterda.de\/wp-content\/uploads\/2024\/11\/IMG-20240314-WA0000-768x1024.jpg\" alt=\"\" class=\"wp-image-456\" srcset=\"https:\/\/sv-witterda.de\/wp-content\/uploads\/2024\/11\/IMG-20240314-WA0000-768x1024.jpg 768w, https:\/\/sv-witterda.de\/wp-content\/uploads\/2024\/11\/IMG-20240314-WA0000-225x300.jpg 225w, https:\/\/sv-witterda.de\/wp-content\/uploads\/2024\/11\/IMG-20240314-WA0000-1152x1536.jpg 1152w, https:\/\/sv-witterda.de\/wp-content\/uploads\/2024\/11\/IMG-20240314-WA0000.jpg 1536w\" sizes=\"auto, (max-width: 767px) 89vw, (max-width: 1000px) 54vw, (max-width: 1071px) 543px, 580px\" \/><\/figure>\n\n\n\n<figure class=\"wp-block-image size-large\"><img loading=\"lazy\" decoding=\"async\" width=\"768\" height=\"1024\" data-id=\"452\" src=\"https:\/\/sv-witterda.de\/wp-content\/uploads\/2024\/11\/IMG-20240321-WA0011-768x1024.jpeg\" alt=\"\" class=\"wp-image-452\" srcset=\"https:\/\/sv-witterda.de\/wp-content\/uploads\/2024\/11\/IMG-20240321-WA0011-768x1024.jpeg 768w, https:\/\/sv-witterda.de\/wp-content\/uploads\/2024\/11\/IMG-20240321-WA0011-225x300.jpeg 225w, https:\/\/sv-witterda.de\/wp-content\/uploads\/2024\/11\/IMG-20240321-WA0011.jpeg 960w\" sizes=\"auto, (max-width: 767px) 89vw, (max-width: 1000px) 54vw, (max-width: 1071px) 543px, 580px\" \/><\/figure>\n\n\n\n<figure class=\"wp-block-image size-large\"><img loading=\"lazy\" decoding=\"async\" width=\"768\" height=\"1024\" data-id=\"455\" src=\"https:\/\/sv-witterda.de\/wp-content\/uploads\/2024\/11\/IMG-20240321-WA0012-768x1024.jpg\" alt=\"\" class=\"wp-image-455\" srcset=\"https:\/\/sv-witterda.de\/wp-content\/uploads\/2024\/11\/IMG-20240321-WA0012-768x1024.jpg 768w, https:\/\/sv-witterda.de\/wp-content\/uploads\/2024\/11\/IMG-20240321-WA0012-225x300.jpg 225w, https:\/\/sv-witterda.de\/wp-content\/uploads\/2024\/11\/IMG-20240321-WA0012-1152x1536.jpg 1152w, https:\/\/sv-witterda.de\/wp-content\/uploads\/2024\/11\/IMG-20240321-WA0012.jpg 1536w\" sizes=\"auto, (max-width: 767px) 89vw, (max-width: 1000px) 54vw, (max-width: 1071px) 543px, 580px\" \/><\/figure>\n<\/figure>\n<\/div>\n<\/div>\n\n\n<div class=\"wp-block-image\">\n<figure class=\"aligncenter size-full\"><img loading=\"lazy\" decoding=\"async\" width=\"530\" height=\"110\" src=\"https:\/\/sv-witterda.de\/wp-content\/uploads\/2024\/11\/Logo-EU.jpg\" alt=\"\" class=\"wp-image-461\" srcset=\"https:\/\/sv-witterda.de\/wp-content\/uploads\/2024\/11\/Logo-EU.jpg 530w, https:\/\/sv-witterda.de\/wp-content\/uploads\/2024\/11\/Logo-EU-300x62.jpg 300w\" sizes=\"auto, (max-width: 530px) 100vw, 530px\" \/><\/figure>\n<\/div>\n\n\n<figure class=\"wp-block-image size-full\"><img loading=\"lazy\" decoding=\"async\" width=\"793\" height=\"356\" src=\"https:\/\/sv-witterda.de\/wp-content\/uploads\/2024\/11\/Logo-ELER-1.jpg\" alt=\"\" class=\"wp-image-463\" srcset=\"https:\/\/sv-witterda.de\/wp-content\/uploads\/2024\/11\/Logo-ELER-1.jpg 793w, https:\/\/sv-witterda.de\/wp-content\/uploads\/2024\/11\/Logo-ELER-1-300x135.jpg 300w, https:\/\/sv-witterda.de\/wp-content\/uploads\/2024\/11\/Logo-ELER-1-768x345.jpg 768w\" sizes=\"auto, (max-width: 767px) 89vw, (max-width: 1000px) 54vw, (max-width: 1071px) 543px, 580px\" \/><\/figure>\n\n\n\n<script \n  type=\"text\/javascript\" \n  src=\"https:\/\/www.fussball.de\/widgets.js\">\n<\/script>\n\n\n\n<div \n  class=\"fussballde_widget\"\n  data-id=\"538fe1b7-9462-4f0f-81b0-04422e871d07\"\n  data-type=\"club-matches\"\n  style=\"width: 100%\"\n><\/div>\n\n\n\n<p><\/p>\n","protected":false},"excerpt":{"rendered":"<p>Aktuelles: Outdoor-Sportger\u00e4te in Witterda Gleich drei neue Outdoor-Sportger\u00e4te stehen ab sofort in der Witterdaer Flur jedermann zur Verf\u00fcgung. Nahe der Spazier- und Wanderwege k\u00f6nnen jetzt Fitness\u00fcbungen absolviert werden. Damit erweitert der SV Witterda e.V sein Portfolio f\u00fcr alle Bewegungsfreudigen. F\u00f6rdermittel haben geholfen, diese Investition zu stemmen. Durch die Sportger\u00e4te k\u00f6nnen unter Ber\u00fccksichtigung der Sicherheits- und &hellip; <\/p>\n<p class=\"link-more\"><a href=\"https:\/\/sv-witterda.de\/\" class=\"more-link\"><span class=\"screen-reader-text\">\u201eVereinsspielplan\u201c <\/span>weiterlesen<\/a><\/p>\n","protected":false},"author":1,"featured_media":0,"parent":0,"menu_order":0,"comment_status":"closed","ping_status":"closed","template":"","meta":{"footnotes":""},"class_list":["post-19","page","type-page","status-publish","hentry"],"_links":{"self":[{"href":"https:\/\/sv-witterda.de\/index.php?rest_route=\/wp\/v2\/pages\/19","targetHints":{"allow":["GET"]}}],"collection":[{"href":"https:\/\/sv-witterda.de\/index.php?rest_route=\/wp\/v2\/pages"}],"about":[{"href":"https:\/\/sv-witterda.de\/index.php?rest_route=\/wp\/v2\/types\/page"}],"author":[{"embeddable":true,"href":"https:\/\/sv-witterda.de\/index.php?rest_route=\/wp\/v2\/users\/1"}],"replies":[{"embeddable":true,"href":"https:\/\/sv-witterda.de\/index.php?rest_route=%2Fwp%2Fv2%2Fcomments&post=19"}],"version-history":[{"count":51,"href":"https:\/\/sv-witterda.de\/index.php?rest_route=\/wp\/v2\/pages\/19\/revisions"}],"predecessor-version":[{"id":506,"href":"https:\/\/sv-witterda.de\/index.php?rest_route=\/wp\/v2\/pages\/19\/revisions\/506"}],"wp:attachment":[{"href":"https:\/\/sv-witterda.de\/index.php?rest_route=%2Fwp%2Fv2%2Fmedia&parent=19"}],"curies":[{"name":"wp","href":"https:\/\/api.w.org\/{rel}","templated":true}]}}